{"id":509,"date":"2025-12-09T10:00:06","date_gmt":"2025-12-09T15:00:06","guid":{"rendered":"https:\/\/cardston.com\/donnez-vie-a-votre-jeu-de-cartes-a-collectionner-sans-approximations-sans-retards-et-sans-compromis-sur-la-qualite\/"},"modified":"2026-01-15T13:15:24","modified_gmt":"2026-01-15T18:15:24","slug":"jcc-jeu-de-cartes-a-collectionner","status":"publish","type":"page","link":"https:\/\/cardston.com\/fr\/jcc-jeu-de-cartes-a-collectionner\/","title":{"rendered":"Donnez vie \u00e0 votre jeu de cartes \u00e0 collectionner sans approximations, sans retards et sans compromis sur la qualit\u00e9."},"content":{"rendered":"\t\t<div data-elementor-type=\"wp-page\" data-elementor-id=\"509\" class=\"elementor elementor-509 elementor-439\" data-elementor-post-type=\"page\">\n\t\t\t\t<div class=\"elementor-element elementor-element-b773990 e-con-full e-flex e-con e-parent\" data-id=\"b773990\" data-element_type=\"container\" data-e-type=\"container\" data-settings=\"{&quot;background_background&quot;:&quot;classic&quot;}\">\n\t\t\t\t<div class=\"elementor-element elementor-element-fd204a5 elementor-widget elementor-widget-heading\" data-id=\"fd204a5\" data-element_type=\"widget\" data-e-type=\"widget\" data-widget_type=\"heading.default\">\n\t\t\t\t\t<h1 class=\"elementor-heading-title elementor-size-default\">D\u00e9veloppez la meilleure version de votre projet TCG\n<br><br>Avec un imprimeur fiable<\/h1>\t\t\t\t<\/div>\n\t\t\t\t<div class=\"elementor-element elementor-element-46d9df2 elementor-widget elementor-widget-heading\" data-id=\"46d9df2\" data-element_type=\"widget\" data-e-type=\"widget\" data-widget_type=\"heading.default\">\n\t\t\t\t\t<h2 class=\"elementor-heading-title elementor-size-default\">Impression de jeux de cartes personnalis\u00e9s<\/h2>\t\t\t\t<\/div>\n\t\t\t\t<div class=\"elementor-element elementor-element-00ebb85 elementor-widget elementor-widget-button\" data-id=\"00ebb85\" data-element_type=\"widget\" data-e-type=\"widget\" data-widget_type=\"button.default\">\n\t\t\t\t\t\t\t\t\t\t<a class=\"elementor-button elementor-button-link elementor-size-sm\" href=\"https:\/\/cardston.com\/fr\/nous-contacter\/\">\n\t\t\t\t\t\t<span class=\"elementor-button-content-wrapper\">\n\t\t\t\t\t\t\t\t\t<span class=\"elementor-button-text\">D\u00e9marrez votre projet TCG<\/span>\n\t\t\t\t\t<\/span>\n\t\t\t\t\t<\/a>\n\t\t\t\t\t\t\t\t<\/div>\n\t\t\t\t<\/div>\n\t\t<div class=\"elementor-element elementor-element-5d0e826 e-flex e-con-boxed e-con e-parent\" data-id=\"5d0e826\" data-element_type=\"container\" data-e-type=\"container\">\n\t\t\t\t\t<div class=\"e-con-inner\">\n\t\t\t\t<div class=\"elementor-element elementor-element-9dc46ce elementor-widget elementor-widget-heading\" data-id=\"9dc46ce\" data-element_type=\"widget\" data-e-type=\"widget\" data-widget_type=\"heading.default\">\n\t\t\t\t\t<h2 class=\"elementor-heading-title elementor-size-default\">L'imprimeur de cartes le plus fiable du Canada<\/h2>\t\t\t\t<\/div>\n\t\t\t\t<div class=\"elementor-element elementor-element-7b5e96e elementor-widget elementor-widget-text-editor\" data-id=\"7b5e96e\" data-element_type=\"widget\" data-e-type=\"widget\" data-widget_type=\"text-editor.default\">\n\t\t\t\t\t\t\t\t\t<p>Vous avez consacr\u00e9 des mois, voire des ann\u00e9es, \u00e0 votre projet.<\/p><p>Cr\u00e9er un univers. Peaufiner les m\u00e9caniques. \u00c9quilibrer le jeu. Cr\u00e9er des illustrations dont vous serez fiers.   <\/p><p>Votre projet est maintenant pr\u00eat pour la production, o\u00f9 des d\u00e9cisions r\u00e9fl\u00e9chies transforment de grandes id\u00e9es en un jeu de haute qualit\u00e9 que les joueurs auront envie de tenir en main, d&rsquo;ouvrir et de collectionner.<\/p><ul><li>La qualit\u00e9 d&rsquo;impression renforce la cr\u00e9dibilit\u00e9.<\/li><li>Les estampages m\u00e9tallis\u00e9s rehaussent la valeur de collection.<\/li><li>L&#8217;emballage d\u00e9termine la premi\u00e8re impression.<\/li><li>Le respect des d\u00e9lais vous permet de livrer en toute confiance.<\/li><\/ul><p>Et si vous pr\u00e9voyez une campagne Kickstarter, il faut maximiser les chances de r\u00e9ussite. Le soutien de notre \u00e9quipe vous aidera \u00e0 d\u00e9finir la meilleure offre. <\/p><p>Vous m\u00e9ritez un partenaire d&rsquo;impression qui <strong>comprend les objectifs des cr\u00e9ateurs de JCC<\/strong> et qui sait mener \u00e0 bien les projets, de la conception \u00e0 la production. <a href=\"https:\/\/cardston.com\/fr\/nous-contacter\/\">Votre partenaire canadien local.<\/a><\/p>\t\t\t\t\t\t\t\t<\/div>\n\t\t\t\t<div class=\"elementor-element elementor-element-4b42293 elementor-widget elementor-widget-image\" data-id=\"4b42293\" data-element_type=\"widget\" data-e-type=\"widget\" data-widget_type=\"image.default\">\n\t\t\t\t\t\t\t\t\t\t\t\t\t\t\t\t<a href=\"https:\/\/maps.app.goo.gl\/WKJaf36y6TUyarjP8\" target=\"_blank\" rel=\"noopener\">\n\t\t\t\t\t\t\t<img decoding=\"async\" width=\"300\" height=\"149\" src=\"https:\/\/cardston.b-cdn.net\/wp-content\/uploads\/2025\/12\/google-5-star-reviews-300x149.webp\" class=\"attachment-medium size-medium wp-image-495\" alt=\"Avis Google 5,0 \u2605\" srcset=\"https:\/\/cardston.b-cdn.net\/wp-content\/uploads\/2025\/12\/google-5-star-reviews-300x149.webp 300w, https:\/\/cardston.b-cdn.net\/wp-content\/uploads\/2025\/12\/google-5-star-reviews-1024x508.webp 1024w, https:\/\/cardston.b-cdn.net\/wp-content\/uploads\/2025\/12\/google-5-star-reviews-768x381.webp 768w, https:\/\/cardston.b-cdn.net\/wp-content\/uploads\/2025\/12\/google-5-star-reviews.webp 1150w\" sizes=\"(max-width: 300px) 100vw, 300px\" \/>\t\t\t\t\t\t\t\t<\/a>\n\t\t\t\t\t\t\t\t\t\t\t\t\t\t\t<\/div>\n\t\t\t\t\t<\/div>\n\t\t\t\t<\/div>\n\t\t<div class=\"elementor-element elementor-element-d2bfc22 e-flex e-con-boxed e-con e-parent\" data-id=\"d2bfc22\" data-element_type=\"container\" data-e-type=\"container\" data-settings=\"{&quot;background_background&quot;:&quot;classic&quot;}\">\n\t\t\t\t\t<div class=\"e-con-inner\">\n\t\t\t\t\t<\/div>\n\t\t\t\t<\/div>\n\t\t<div class=\"elementor-element elementor-element-5292370 e-flex e-con-boxed e-con e-parent\" data-id=\"5292370\" data-element_type=\"container\" data-e-type=\"container\">\n\t\t\t\t\t<div class=\"e-con-inner\">\n\t\t\t\t<div class=\"elementor-element elementor-element-02314f5 elementor-widget elementor-widget-text-editor\" data-id=\"02314f5\" data-element_type=\"widget\" data-e-type=\"widget\" data-widget_type=\"text-editor.default\">\n\t\t\t\t\t\t\t\t\t<h3><strong>De la conception initiale au produit final : un accompagnement \u00e0 chaque \u00e9tape de votre projet<\/strong><\/h3><p>Chaque projet de TCG r\u00e9ussi repose sur des centaines de petites d\u00e9cisions interd\u00e9pendantes :<br>Applications m\u00e9tallis\u00e9es sur le mat\u00e9riel, r\u00e9partition des raret\u00e9s, distribution al\u00e9atoire, structure des paquets, lignes de d\u00e9coupe, type de papier, agencement des bo\u00eetes, num\u00e9rotage, coh\u00e9rence des couleurs, et bien plus encore.<\/p><p class=\"wordsection1\">Il est possible que vous n\u2019ayez pas toutes les r\u00e9ponses d\u00e8s le d\u00e9part.<\/p><p class=\"wordsection1\">Au lieu de g\u00e9rer la production seul, vous pouvez collaborer avec une \u00e9quipe qui vous aide \u00e0 structurer votre projet de mani\u00e8re r\u00e9aliste, cibl\u00e9e et en ligne avec vos objectifs.<\/p><p class=\"wordsection1\">Que vous peaufiniez une extension ou que vous ajustiez encore les taux d\u2019obtention et les niveaux de raret\u00e9, nous vous accompagnons pour :<\/p><ul><li>Taux d\u2019obtention et randomisation<\/li><li>Cartes m\u00e9tallis\u00e9es et finitions sp\u00e9ciales<\/li><li>Gestion des raret\u00e9s par des tiers<\/li><li>Packs de remplacement<\/li><li>Structure et format des emballages<\/li><\/ul><p>Concentrez-vous sur la conception et la structure du jeu. Nous vous aidons \u00e0 rendre votre projet industrialisable, durable et digne des collectionneurs. <\/p><p><strong>Toutes nos discussions sont confidentielles. <\/strong>Des accords de confidentialit\u00e9 sont disponibles sur demande.<\/p>\t\t\t\t\t\t\t\t<\/div>\n\t\t\t\t\t<\/div>\n\t\t\t\t<\/div>\n\t\t<div class=\"elementor-element elementor-element-43b7e54 e-flex e-con-boxed e-con e-parent\" data-id=\"43b7e54\" data-element_type=\"container\" data-e-type=\"container\" data-settings=\"{&quot;background_background&quot;:&quot;classic&quot;}\">\n\t\t\t\t\t<div class=\"e-con-inner\">\n\t\t\t\t\t<\/div>\n\t\t\t\t<\/div>\n\t\t<div class=\"elementor-element elementor-element-523b4dc e-flex e-con-boxed e-con e-parent\" data-id=\"523b4dc\" data-element_type=\"container\" data-e-type=\"container\">\n\t\t\t\t\t<div class=\"e-con-inner\">\n\t\t\t\t<div class=\"elementor-element elementor-element-f96093e elementor-widget elementor-widget-text-editor\" data-id=\"f96093e\" data-element_type=\"widget\" data-e-type=\"widget\" data-widget_type=\"text-editor.default\">\n\t\t\t\t\t\t\t\t\t<h3>Pr\u00e9presse : l\u2019importance de partir du bon pied<\/h3><p class=\"wordsection1\">La pr\u00e9presse est l&rsquo;\u00e9tape cruciale o\u00f9 votre projet prend forme. Une planification rigoureuse facilite toutes les \u00e9tapes suivantes.<\/p><p class=\"wordsection1\">Vous b\u00e9n\u00e9ficierez d&rsquo;un accompagnement sur :<\/p><ul><li class=\"wordsection1\">L\u2019optimisation de l\u2019imposition des feuilles de presse<\/li><li class=\"wordsection1\">La structure et la mise en page de l&#8217;emballage<\/li><li class=\"wordsection1\">Les recommandations pour optimiser la qualit\u00e9 de l\u2019estampage<\/li><li class=\"wordsection1\">L&rsquo;optimisation des fichiers pour un r\u00e9sultat optimal<\/li><\/ul><p class=\"wordsection1\"><br>Vous aurez \u00e9galement la possibilit\u00e9 de v\u00e9rifier et d&rsquo;approuver des \u00e9preuves physiques avant le lancement de la production, notamment :<\/p><ul><li class=\"wordsection1\">Des aper\u00e7us num\u00e9riques<\/li><li class=\"wordsection1\">Des \u00e9preuves imprim\u00e9es livr\u00e9es \u00e0 votre lieu de travail (en option)<\/li><\/ul><p class=\"wordsection1\"><br>Si des ajustements sont n\u00e9cessaires, nous pourrons vous assister.<br>Nos techniciens travaillent avec vous pour effectuer les modifications n\u00e9cessaires et faire avancer votre projet en toute s\u00e9r\u00e9nit\u00e9.<\/p><p class=\"wordsection1\">Un r\u00e9sultat impeccable et digne d&rsquo;\u00eatre collectionn\u00e9 est le fruit d&rsquo;une vision claire, et non d&rsquo;approximations.<\/p>\t\t\t\t\t\t\t\t<\/div>\n\t\t\t\t\t<\/div>\n\t\t\t\t<\/div>\n\t\t<div class=\"elementor-element elementor-element-99234f2 e-flex e-con-boxed e-con e-parent\" data-id=\"99234f2\" data-element_type=\"container\" data-e-type=\"container\" data-settings=\"{&quot;background_background&quot;:&quot;classic&quot;}\">\n\t\t\t\t\t<div class=\"e-con-inner\">\n\t\t\t\t\t<\/div>\n\t\t\t\t<\/div>\n\t\t<div class=\"elementor-element elementor-element-c6bdb1b e-flex e-con-boxed e-con e-parent\" data-id=\"c6bdb1b\" data-element_type=\"container\" data-e-type=\"container\">\n\t\t\t\t\t<div class=\"e-con-inner\">\n\t\t\t\t<div class=\"elementor-element elementor-element-a93c6c0 elementor-widget elementor-widget-text-editor\" data-id=\"a93c6c0\" data-element_type=\"widget\" data-e-type=\"widget\" data-widget_type=\"text-editor.default\">\n\t\t\t\t\t\t\t\t\t<h3>Communication claire d\u00e8s le d\u00e9but de la production<\/h3><p class=\"wordsection1\">Une fois votre projet en production, les suivis sont essentiels. Les acheteurs anticipent d\u00e9j\u00e0 la r\u00e9ception de leur produit ! <\/p><p class=\"wordsection1\">Au lieu de vous interroger sur l&rsquo;avancement du projet, vous serez inform\u00e9(e) aux \u00e9tapes cl\u00e9s et saurez :<\/p><ul><li>O\u00f9 en est votre projet<\/li><li>Quelles sont les prochaines \u00e9tapes<\/li><li>Quand pouvez-vous esp\u00e9rer la livraison ?<\/li><\/ul><p>Vous avez besoin de photos et de vid\u00e9os de vos projets en production ? Nous pourrons vous les faire parvenir pour chaque \u00e9tape principale de la production. <\/p>\t\t\t\t\t\t\t\t<\/div>\n\t\t\t\t\t<\/div>\n\t\t\t\t<\/div>\n\t\t<div class=\"elementor-element elementor-element-adc9320 e-flex e-con-boxed e-con e-parent\" data-id=\"adc9320\" data-element_type=\"container\" data-e-type=\"container\" data-settings=\"{&quot;background_background&quot;:&quot;classic&quot;}\">\n\t\t\t\t\t<div class=\"e-con-inner\">\n\t\t\t\t\t<\/div>\n\t\t\t\t<\/div>\n\t\t<div class=\"elementor-element elementor-element-dc30d60 e-flex e-con-boxed e-con e-parent\" data-id=\"dc30d60\" data-element_type=\"container\" data-e-type=\"container\">\n\t\t\t\t\t<div class=\"e-con-inner\">\n\t\t\t\t<div class=\"elementor-element elementor-element-dcb3b9a elementor-widget elementor-widget-text-editor\" data-id=\"dcb3b9a\" data-element_type=\"widget\" data-e-type=\"widget\" data-widget_type=\"text-editor.default\">\n\t\t\t\t\t\t\t\t\t<h3><strong>D\u00e9coupe adapt\u00e9e \u00e0 votre vision (et \u00e0 votre budget)<\/strong><\/h3><p>Les cr\u00e9ateurs de cartes accordent une grande importance \u00e0 :<\/p><ul><li>La sensation au toucher<\/li><li>La jouabilit\u00e9<\/li><li>La durabilit\u00e9<\/li><li>La qualit\u00e9 des bords<br><\/li><li>La finition g\u00e9n\u00e9rale<\/li><\/ul><p class=\"wordsection1\">Diff\u00e9rentes m\u00e9thodes de d\u00e9coupe sont disponibles, chacune pr\u00e9sentant ses propres avantages.<\/p><p class=\"wordsection1\">Nous vous expliquerons clairement les options afin que vous puissiez choisir celle qui convient le mieux \u00e0 votre projet.<\/p>\t\t\t\t\t\t\t\t<\/div>\n\t\t\t\t\t<\/div>\n\t\t\t\t<\/div>\n\t\t<div class=\"elementor-element elementor-element-db61654 e-flex e-con-boxed e-con e-parent\" data-id=\"db61654\" data-element_type=\"container\" data-e-type=\"container\" data-settings=\"{&quot;background_background&quot;:&quot;classic&quot;}\">\n\t\t\t\t\t<div class=\"e-con-inner\">\n\t\t\t\t\t<\/div>\n\t\t\t\t<\/div>\n\t\t<div class=\"elementor-element elementor-element-5dc4cff e-flex e-con-boxed e-con e-parent\" data-id=\"5dc4cff\" data-element_type=\"container\" data-e-type=\"container\">\n\t\t\t\t\t<div class=\"e-con-inner\">\n\t\t\t\t<div class=\"elementor-element elementor-element-4bb37ac elementor-widget elementor-widget-text-editor\" data-id=\"4bb37ac\" data-element_type=\"widget\" data-e-type=\"widget\" data-widget_type=\"text-editor.default\">\n\t\t\t\t\t\t\t\t\t<h3>Dorures, estampages et finitions qui rehaussent la beaut\u00e9 de vos cartes<\/h3><p>Les dorures, les hologrammes, le gaufrage et les d\u00e9tails en relief donnent v\u00e9ritablement vie \u00e0 un TCG.<\/p><p>Bien r\u00e9alis\u00e9es, ces finitions ajoutent du dynamisme, de la valeur et cette sensation de collection recherch\u00e9e tant appr\u00e9ci\u00e9e des joueurs.<\/p><p>Vous aurez acc\u00e8s \u00e0 :<\/p><ul><li>Une large gamme de teintes m\u00e9tallis\u00e9es<\/li><li>Des hologrammes sp\u00e9ciaux<\/li><li>Des d\u00e9tails en relief<\/li><li>Une pr\u00e9-v\u00e9rification pour garantir le bon rendu de vos effets \u00e0 l\u2019impression<\/li><\/ul><p>Au lieu de simples embellissements, vous cr\u00e9ez des cartes qui <strong>respirent la qualit\u00e9, le raffinement et qui m\u00e9ritent d\u2019\u00eatre collectionn\u00e9es.<\/strong><\/p>\t\t\t\t\t\t\t\t<\/div>\n\t\t\t\t\t<\/div>\n\t\t\t\t<\/div>\n\t\t<div class=\"elementor-element elementor-element-137af6b e-flex e-con-boxed e-con e-parent\" data-id=\"137af6b\" data-element_type=\"container\" data-e-type=\"container\" data-settings=\"{&quot;background_background&quot;:&quot;classic&quot;}\">\n\t\t\t\t\t<div class=\"e-con-inner\">\n\t\t\t\t\t<\/div>\n\t\t\t\t<\/div>\n\t\t<div class=\"elementor-element elementor-element-bc3c5e2 e-flex e-con-boxed e-con e-parent\" data-id=\"bc3c5e2\" data-element_type=\"container\" data-e-type=\"container\">\n\t\t\t\t\t<div class=\"e-con-inner\">\n\t\t\t\t<div class=\"elementor-element elementor-element-93e3d6c elementor-widget elementor-widget-text-editor\" data-id=\"93e3d6c\" data-element_type=\"widget\" data-e-type=\"widget\" data-widget_type=\"text-editor.default\">\n\t\t\t\t\t\t\t\t\t<h3>La cr\u00e9ation d\u2019objets uniques au service de votre projet<\/h3><p>Bien mise en \u0153uvre, la num\u00e9rotation en s\u00e9ries ou un ajout d\u2019estampage sp\u00e9cial peut transformer une carte r\u00e9guli\u00e8re en v\u00e9ritable objet de collection.<\/p><p>Nous offrons les options suivantes :<\/p><ul><li>Num\u00e9rotation traditionnelle \u00e0 chaud<\/li><li>Estampage Scodix et UV en relief<\/li><\/ul><p><br>Ajouter une touche de bon go\u00fbt sublime l\u2019esth\u00e9tique de votre projet sans en complexifier la production.<\/p>\t\t\t\t\t\t\t\t<\/div>\n\t\t\t\t\t<\/div>\n\t\t\t\t<\/div>\n\t\t<div class=\"elementor-element elementor-element-8706d4e e-flex e-con-boxed e-con e-parent\" data-id=\"8706d4e\" data-element_type=\"container\" data-e-type=\"container\" data-settings=\"{&quot;background_background&quot;:&quot;classic&quot;}\">\n\t\t\t\t\t<div class=\"e-con-inner\">\n\t\t\t\t\t<\/div>\n\t\t\t\t<\/div>\n\t\t<div class=\"elementor-element elementor-element-15fdcba e-flex e-con-boxed e-con e-parent\" data-id=\"15fdcba\" data-element_type=\"container\" data-e-type=\"container\">\n\t\t\t\t\t<div class=\"e-con-inner\">\n\t\t\t\t<div class=\"elementor-element elementor-element-c90c1f5 elementor-widget elementor-widget-text-editor\" data-id=\"c90c1f5\" data-element_type=\"widget\" data-e-type=\"widget\" data-widget_type=\"text-editor.default\">\n\t\t\t\t\t\t\t\t\t<h3>L\u2019importance de l\u2019emballage ; c\u2019est la premi\u00e8re impression pour les futurs acheteurs<\/h3><p class=\"wordsection1\">Avant de jouer \u00e0 votre jeu, les joueurs d\u00e9couvrent l&#8217;emballage.<\/p><p class=\"wordsection1\">Cela inclut :<\/p><ul><li>Des emballages qu&rsquo;ils ont envie d&rsquo;ouvrir<\/li><li>Des bo\u00eetes de pr\u00e9sentation attrayantes pour les \u00e9tag\u00e8res<\/li><li>Des \u00e9tuis con\u00e7us pour un transport en toute s\u00e9curit\u00e9<\/li><\/ul><p><br>Vous b\u00e9n\u00e9ficierez d&rsquo;un accompagnement pour concevoir un emballage qui va au-del\u00e0 du simple fait de contenir des cartes : il renforce l&rsquo;identit\u00e9 de votre projet et suscite l&rsquo;enthousiasme.<\/p>\t\t\t\t\t\t\t\t<\/div>\n\t\t\t\t\t<\/div>\n\t\t\t\t<\/div>\n\t\t<div class=\"elementor-element elementor-element-8dcbd26 e-flex e-con-boxed e-con e-parent\" data-id=\"8dcbd26\" data-element_type=\"container\" data-e-type=\"container\" data-settings=\"{&quot;background_background&quot;:&quot;classic&quot;}\">\n\t\t\t\t\t<div class=\"e-con-inner\">\n\t\t\t\t\t<\/div>\n\t\t\t\t<\/div>\n\t\t<div class=\"elementor-element elementor-element-07442ee e-flex e-con-boxed e-con e-parent\" data-id=\"07442ee\" data-element_type=\"container\" data-e-type=\"container\">\n\t\t\t\t\t<div class=\"e-con-inner\">\n\t\t\t\t<div class=\"elementor-element elementor-element-08e79ee elementor-widget elementor-widget-text-editor\" data-id=\"08e79ee\" data-element_type=\"widget\" data-e-type=\"widget\" data-widget_type=\"text-editor.default\">\n\t\t\t\t\t\t\t\t\t<h3>Exp\u00e9dition con\u00e7ue pour faciliter votre lancement<\/h3><p>Lorsque votre projet est pr\u00eat \u00e0 \u00eatre exp\u00e9di\u00e9, la fiabilit\u00e9 est primordiale.<\/p><p>Vous aurez acc\u00e8s \u00e0 :<\/p><ul><li>Exp\u00e9dition en Am\u00e9rique du Nord<\/li><li>Options d\u2019assurance<\/li><li>Emballage et manutention s\u00e9curis\u00e9s<\/li><\/ul><p><br>Ainsi, votre produit fini arrivera en toute s\u00e9curit\u00e9, \u00e0 temps et pr\u00eat \u00e0 \u00eatre partag\u00e9 avec les joueurs, les d\u00e9taillants ou les contributeurs.<\/p>\t\t\t\t\t\t\t\t<\/div>\n\t\t\t\t\t<\/div>\n\t\t\t\t<\/div>\n\t\t<div class=\"elementor-element elementor-element-9424783 e-flex e-con-boxed e-con e-parent\" data-id=\"9424783\" data-element_type=\"container\" data-e-type=\"container\" data-settings=\"{&quot;background_background&quot;:&quot;classic&quot;}\">\n\t\t\t\t\t<div class=\"e-con-inner\">\n\t\t\t\t\t<\/div>\n\t\t\t\t<\/div>\n\t\t<div class=\"elementor-element elementor-element-9334d44 e-flex e-con-boxed e-con e-parent\" data-id=\"9334d44\" data-element_type=\"container\" data-e-type=\"container\">\n\t\t\t\t\t<div class=\"e-con-inner\">\n\t\t\t\t<div class=\"elementor-element elementor-element-b6b0052 elementor-widget elementor-widget-text-editor\" data-id=\"b6b0052\" data-element_type=\"widget\" data-e-type=\"widget\" data-widget_type=\"text-editor.default\">\n\t\t\t\t\t\t\t\t\t<h3><strong>Cr\u00e9ez un projet que les joueurs auront envie de collectionner<\/strong><\/h3><p>Que vous soyez en train de :<\/p><ul><li>Lancer votre premier jeu de cartes \u00e0 collectionner (JCC)<\/li><li>D\u00e9velopper votre activit\u00e9 apr\u00e8s une campagne Kickstarter r\u00e9ussie<\/li><li>Produire une nouvelle extension pour la vente au d\u00e9tail<\/li><li>Tester un prototype aupr\u00e8s de votre communaut\u00e9<\/li><\/ul><p><br>Vous n\u2019avez pas \u00e0 g\u00e9rer la production seul\u00b7e, et vous n\u2019avez pas \u00e0 vous pr\u00e9cipiter dans les discussions avant d\u2019\u00eatre pr\u00eat\u00b7e.<\/p><p>Collaborez avec une \u00e9quipe qui se soucie de :<\/p><ul><li>L\u2019exp\u00e9rience de jeu<\/li><li>L\u2019impact visuel<\/li><li>Le potentiel de collection<\/li><li>La durabilit\u00e9<\/li><li>L\u2019intention de conception<\/li><\/ul><p><br>Et qui sait comment accompagner les cr\u00e9ateurs avec attention, clart\u00e9 et respect \u00e0 <strong>chaque \u00e9tape <\/strong>de leur projet.<\/p>\t\t\t\t\t\t\t\t<\/div>\n\t\t<div class=\"elementor-element elementor-element-a9c5057 e-con-full e-flex e-con e-child\" data-id=\"a9c5057\" data-element_type=\"container\" data-e-type=\"container\" data-settings=\"{&quot;background_background&quot;:&quot;classic&quot;}\">\n\t\t\t\t<div class=\"elementor-element elementor-element-e825181 elementor-widget elementor-widget-heading\" data-id=\"e825181\" data-element_type=\"widget\" data-e-type=\"widget\" data-widget_type=\"heading.default\">\n\t\t\t\t\t<h3 class=\"elementor-heading-title elementor-size-default\">Envie de parler de votre jeu ?<\/h3>\t\t\t\t<\/div>\n\t\t\t\t<div class=\"elementor-element elementor-element-745b10a elementor-widget elementor-widget-text-editor\" data-id=\"745b10a\" data-element_type=\"widget\" data-e-type=\"widget\" data-widget_type=\"text-editor.default\">\n\t\t\t\t\t\t\t\t\t<p class=\"wordsection1\">Que vous soyez en phase de d\u00e9veloppement pr\u00e9liminaire ou en pleine pr\u00e9paration de la production, vous \u00eates les bienvenus.<\/p><p class=\"wordsection1\">Partagez l\u2019\u00e9tat d\u2019avancement de votre projet et vous recevrez des conseils pratiques pour les prochaines \u00e9tapes, sans pression, sans jargon technique et sans engagement.<\/p><p><strong>Donnons vie \u00e0 votre projet !<\/strong><\/p>\t\t\t\t\t\t\t\t<\/div>\n\t\t\t\t<div class=\"elementor-element elementor-element-fa8de45 elementor-align-center elementor-widget elementor-widget-button\" data-id=\"fa8de45\" data-element_type=\"widget\" data-e-type=\"widget\" data-widget_type=\"button.default\">\n\t\t\t\t\t\t\t\t\t\t<a class=\"elementor-button elementor-button-link elementor-size-sm\" href=\"https:\/\/cardston.com\/fr\/nous-contacter\/\">\n\t\t\t\t\t\t<span class=\"elementor-button-content-wrapper\">\n\t\t\t\t\t\t\t\t\t<span class=\"elementor-button-text\">Contactez l\u2019\u00e9quipe de production<\/span>\n\t\t\t\t\t<\/span>\n\t\t\t\t\t<\/a>\n\t\t\t\t\t\t\t\t<\/div>\n\t\t\t\t<\/div>\n\t\t\t\t\t<\/div>\n\t\t\t\t<\/div>\n\t\t\t\t<\/div>\n\t\t","protected":false},"excerpt":{"rendered":"<p>D\u00e9veloppez la meilleure version de votre projet TCG Avec un imprimeur fiable Impression de jeux de cartes personnalis\u00e9s D\u00e9marrez votre projet TCG L&rsquo;imprimeur de cartes le plus fiable du Canada Vous avez consacr\u00e9 des mois, voire des ann\u00e9es, \u00e0 votre projet. Cr\u00e9er un univers. Peaufiner les m\u00e9caniques. \u00c9quilibrer le jeu. Cr\u00e9er des illustrations dont vous [&hellip;]<\/p>\n","protected":false},"author":1,"featured_media":0,"parent":0,"menu_order":0,"comment_status":"closed","ping_status":"closed","template":"","meta":{"footnotes":""},"class_list":["post-509","page","type-page","status-publish","hentry"],"_links":{"self":[{"href":"https:\/\/cardston.com\/fr\/wp-json\/wp\/v2\/pages\/509","targetHints":{"allow":["GET"]}}],"collection":[{"href":"https:\/\/cardston.com\/fr\/wp-json\/wp\/v2\/pages"}],"about":[{"href":"https:\/\/cardston.com\/fr\/wp-json\/wp\/v2\/types\/page"}],"author":[{"embeddable":true,"href":"https:\/\/cardston.com\/fr\/wp-json\/wp\/v2\/users\/1"}],"replies":[{"embeddable":true,"href":"https:\/\/cardston.com\/fr\/wp-json\/wp\/v2\/comments?post=509"}],"version-history":[{"count":3,"href":"https:\/\/cardston.com\/fr\/wp-json\/wp\/v2\/pages\/509\/revisions"}],"predecessor-version":[{"id":548,"href":"https:\/\/cardston.com\/fr\/wp-json\/wp\/v2\/pages\/509\/revisions\/548"}],"wp:attachment":[{"href":"https:\/\/cardston.com\/fr\/wp-json\/wp\/v2\/media?parent=509"}],"curies":[{"name":"wp","href":"https:\/\/api.w.org\/{rel}","templated":true}]}}